{"id":466,"date":"2024-08-06T20:32:34","date_gmt":"2024-08-06T20:32:34","guid":{"rendered":"https:\/\/sitesdlb.com.br\/decorcolors\/?page_id=466"},"modified":"2024-08-14T15:09:27","modified_gmt":"2024-08-14T15:09:27","slug":"politica-de-privacidade","status":"publish","type":"page","link":"https:\/\/sitesdlb.com.br\/decorcolors\/politica-de-privacidade\/","title":{"rendered":"Pol\u00edtica de Privacidade"},"content":{"rendered":"\t\t<div data-elementor-type=\"wp-page\" data-elementor-id=\"466\" class=\"elementor elementor-466\" data-elementor-post-type=\"page\">\n\t\t\t\t<div class=\"elementor-element elementor-element-dab2c20 e-flex e-con-boxed e-con e-parent\" data-id=\"dab2c20\" data-element_type=\"container\">\n\t\t\t\t\t<div class=\"e-con-inner\">\n\t\t\t\t<div class=\"elementor-element elementor-element-4dc3d3f elementor-widget elementor-widget-heading\" data-id=\"4dc3d3f\" data-element_type=\"widget\" data-widget_type=\"heading.default\">\n\t\t\t\t<div class=\"elementor-widget-container\">\n\t\t\t<style>\/*! elementor - v3.23.0 - 05-08-2024 *\/\n.elementor-heading-title{padding:0;margin:0;line-height:1}.elementor-widget-heading .elementor-heading-title[class*=elementor-size-]>a{color:inherit;font-size:inherit;line-height:inherit}.elementor-widget-heading .elementor-heading-title.elementor-size-small{font-size:15px}.elementor-widget-heading .elementor-heading-title.elementor-size-medium{font-size:19px}.elementor-widget-heading .elementor-heading-title.elementor-size-large{font-size:29px}.elementor-widget-heading .elementor-heading-title.elementor-size-xl{font-size:39px}.elementor-widget-heading .elementor-heading-title.elementor-size-xxl{font-size:59px}<\/style><h2 class=\"elementor-heading-title elementor-size-default\">Pol\u00edticas de Privacidade<\/h2>\t\t<\/div>\n\t\t\t\t<\/div>\n\t\t\t\t<div class=\"elementor-element elementor-element-2afdf60 elementor-widget elementor-widget-text-editor\" data-id=\"2afdf60\" data-element_type=\"widget\" data-widget_type=\"text-editor.default\">\n\t\t\t\t<div class=\"elementor-widget-container\">\n\t\t\t<style>\/*! elementor - v3.23.0 - 05-08-2024 *\/\n.elementor-widget-text-editor.elementor-drop-cap-view-stacked .elementor-drop-cap{background-color:#69727d;color:#fff}.elementor-widget-text-editor.elementor-drop-cap-view-framed .elementor-drop-cap{color:#69727d;border:3px solid;background-color:transparent}.elementor-widget-text-editor:not(.elementor-drop-cap-view-default) .elementor-drop-cap{margin-top:8px}.elementor-widget-text-editor:not(.elementor-drop-cap-view-default) .elementor-drop-cap-letter{width:1em;height:1em}.elementor-widget-text-editor .elementor-drop-cap{float:left;text-align:center;line-height:1;font-size:50px}.elementor-widget-text-editor .elementor-drop-cap-letter{display:inline-block}<\/style>\t\t\t\t<p>N\u00f3s da Decor Colors (\u201c<b>Decor Colors<\/b>\u201d) podemos ser identificados como <b>Decor Colors Tintas Ltda.<\/b>, inscrita no CNPJ\/MF 19.082.242\/0001, com sede na Rua Batalha do Riachuelo, n\u00ba 7.500, Galp\u00e3o 06, Distrito Industrial do Lajeado, Salto &#8211; SP, CEP: 13.329-360.<\/p><p>Sempre primamos pela excel\u00eancia de nossos servi\u00e7os, priorizando os princ\u00edpios de transpar\u00eancia e respeito nas rela\u00e7\u00f5es com nossos clientes e franqueados, inclusive com o uso seguro e cada vez mais crescente das plataformas que se valem das tecnologias da informa\u00e7\u00e3o. <br \/>Como explicaremos para voc\u00ea, precisamos utilizar e tratar seus dados pessoais nas nossas atividades. Sabemos o quanto esses dados s\u00e3o importantes e por isso respeitamos sua privacidade.<\/p><p>Pensando nisso, considerando que a Decor Colors \u00e9 a controladora dos seus dados pessoais e seguindo as diretrizes da Lei Federal n\u00ba 13.709\/2018, conhecida como Lei Geral de Prote\u00e7\u00e3o de Dados Pessoais (\u201c<b>LGPD<\/b>\u201d), elaboramos esse documento como Aviso de Privacidade (\u201c<b>Aviso<\/b>\u201d) e essa \u00e1rea de nosso site para esclarecer como tratamos os seus dados pessoais.<\/p><p>Qualquer informa\u00e7\u00e3o adicional ou d\u00favida pode ser obtida com nossa \u00e1rea de privacidade. Confirmaremos sua identidade e responderemos o mais rapidamente poss\u00edvel. Confira:<\/p><p><b>Encarregado de Prote\u00e7\u00e3o de Dados Pessoais:<\/b> Luciano Guilherme do Nascimento.<\/p><p><b>E-mail:<\/b> juridico@decorcolors.com.br.<\/p><p>Para facilitar o entendimento desse documento, de modo que sua leitura n\u00e3o seja cansativa, n\u00f3s separamos os principais t\u00f3picos da Lei Geral de Prote\u00e7\u00e3o de Dados a fim de facilitar a sua compreens\u00e3o sobre o tema.<\/p><p>O que s\u00e3o dados pessoais?<\/p><p>O que \u00e9 tratamento de dados pessoais?<\/p><p>Quem s\u00e3o os titulares de dados pessoais que tratamos?<\/p><p>Quais dados pessoais precisamos para prestar nossos servi\u00e7os?<\/p><p>4.1. Visitantes das nossas p\u00e1ginas e quem preenchem nossos formul\u00e1rios <br \/>4.2. Nossos(as) clientes <br \/>4.3. Nossos(as) profissionais <br \/>4.4. Pessoas envolvidas em outros contratos com a Decor Colors<\/p><p>Como coletamos seus dados pessoais?<\/p><p>Com quem compartilhamos os seus dados pessoais?<\/p><p>Quanto tempo seus dados pessoais ficam armazenados?<\/p><p>Quais direitos eu tenho como titular dos dados pessoais?<\/p><p>Como exer\u00e7o meus direitos de titular dos dados pessoais?<\/p><p>Transfer\u00eancia internacional<\/p><p>Seguran\u00e7a das informa\u00e7\u00f5es<\/p><p>Atualiza\u00e7\u00f5es desse Aviso de Privacidade<\/p><p><b>1. O que s\u00e3o dados pessoais? <\/b><\/p><p>Dados pessoais s\u00e3o quaisquer dados a partir dos quais podemos identificar voc\u00ea direta ou indiretamente, a depender do contexto, por exemplo, seu nome, seu endere\u00e7o e seu CPF.<\/p><p><b>2. O que \u00e9 tratamento de dados pessoais? <\/b><\/p><p>Tratamento de dado pessoal pode ser entendido como qualquer opera\u00e7\u00e3o, rotina ou utiliza\u00e7\u00e3o que podemos precisar fazer com dados pessoais, tais como a coleta, o armazenamento, os compartilhamentos e mesmo a elimina\u00e7\u00e3o dos dados de nossos sistemas. Nesse documento, buscamos detalhar todas essas opera\u00e7\u00f5es.<\/p><p><b>3. Quem s\u00e3o os titulares de dados pessoais que tratamos? <\/b><\/p><p>E voc\u00ea sabe quem s\u00e3o os titulares de dados pessoais? Titulares de dados pessoais s\u00e3o as pessoas identificadas direta ou indiretamente a partir dos dados.<\/p><p>No nosso caso, \u00e9 toda pessoa identificada pelos dados pessoais que podemos utilizar, s\u00e3o, por exemplo, nossos clientes, nossos profissionais e pessoas que podem estar identificadas em contratos com empresas que mantemos rela\u00e7\u00f5es comerciais, e tamb\u00e9m os visitantes de nossa p\u00e1gina de internet (https:\/\/decorcolors.com.br\/).<\/p><p><b>4. Quais dados pessoais precisamos para prestar nossos servi\u00e7os e\/ ou vender nossos produtos? <\/b><\/p><p>Aqui, vamos esclarecer para voc\u00ea os dados que podemos precisar utilizar para prestar nossos servi\u00e7os e\/ ou vender nossos produtos, explicando os respectivos motivos do tratamento de dados.<\/p><p><b>4.1. Visitantes das nossas p\u00e1ginas e quem preenchem nossos formul\u00e1rios <\/b><\/p><p>Caso voc\u00ea ainda n\u00e3o seja nosso cliente ou n\u00e3o tenha qualquer rela\u00e7\u00e3o conosco, mas apenas seja visitante das nossas p\u00e1ginas, n\u00f3s coletamos dados de sua navega\u00e7\u00e3o e os dados que nos informa nos formul\u00e1rios de interesse.<\/p><p>Dados pessoais de navega\u00e7\u00e3o s\u00e3o aqueles que identificam a sua conex\u00e3o de internet (endere\u00e7o de IP, data e hora), o seu dispositivo e navegador de internet. Alguns desses dados s\u00e3o tratados por n\u00f3s porque, legalmente, temos a obriga\u00e7\u00e3o de guardar essas informa\u00e7\u00f5es, nos termos do artigo 15 da Lei n\u00ba 12.965\/14 ou Marco Civil da Internet (\u201cMCI\u201d).<\/p><p>Tamb\u00e9m utilizamos de cookies. Voc\u00ea sabe o que \u00e9? S\u00e3o arquivos ou informa\u00e7\u00f5es que podem ficar armazenadas nos seus dispositivos se voc\u00ea visita nossas p\u00e1ginas. Em sua maioria nos permitem lembrar das escolhas do visitante e criar uma experi\u00eancia personalizada.<\/p><p>Para os visitantes que preenchem os formul\u00e1rios presentes nas nossas p\u00e1ginas, apenas coletamos os dados pessoais estritamente necess\u00e1rios para o objetivo de cada formul\u00e1rio.<\/p><p>Lembramos que prestar informa\u00e7\u00f5es completas e adequadas sobre nossos produtos e servi\u00e7os \u00e9 tamb\u00e9m uma obriga\u00e7\u00e3o legal nossa, conforme estabelece o C\u00f3digo de Defesa do Consumidor.<\/p><p><b>4.2. Nossos(as) clientes <\/b><\/p><p>Caso voc\u00ea seja nosso(a) cliente, precisamos de alguns dados pessoais seus para que possamos fornecer nossos produtos e cumprir com nossos contratos da melhor forma. Mas fique tranquilo (a), apenas utilizamos os dados estritamente necess\u00e1rios para nossas atividades.<\/p><p>Lembramos que a LGPD autoriza a utiliza\u00e7\u00e3o desses dados na execu\u00e7\u00e3o dos contratos com os pr\u00f3prios titulares. Assim, por exemplo, ao realizar um pedido, s\u00e3o necess\u00e1rios os seus dados de identifica\u00e7\u00e3o. Esses dados s\u00e3o necess\u00e1rios para que a encomenda seja entregue no local que voc\u00ea indicou. Nesse exemplo, precisamos compartilhar seus dados pessoais com os setores de expedi\u00e7\u00e3o, comercial e marketing, atrav\u00e9s do nosso ERP, sistema de nuvem ou celulares corporativos.<\/p><p>Vale ressaltar que a Decor Colors possui a sua pr\u00f3pria pol\u00edtica de uso de dispositivos m\u00f3veis e aplicativos de mensagens, a qual poder\u00e1 ser solicitada ao nosso Encarregado de Prote\u00e7\u00e3o de Dados.<\/p><p>N\u00f3s tamb\u00e9m podemos entrar em contato com voc\u00ea em qualquer situa\u00e7\u00e3o emergencial, tais como na suspeita de fraude com o cart\u00e3o de cr\u00e9dito, no extravio de mercadoria ou na diverg\u00eancia de dados.<\/p><p>A Decor Colors garante a seguran\u00e7a no acesso \u00e0s nossas p\u00e1ginas e na troca de dados reservados com os clientes. Assim, voc\u00ea pode realizar suas compras em um ambiente moderno, pr\u00e1tico e com total seguran\u00e7a.<\/p><p><b>4.3. Nossos(as) profissionais <\/b><\/p><p>Se voc\u00ea \u00e9 um profissional da Decor Colors, temos a mesma preocupa\u00e7\u00e3o com sua privacidade e tamb\u00e9m somos considerados controladores de seus dados pessoais pela LGPD.<\/p><p>Assim, apenas utilizamos os dados pessoais que s\u00e3o necess\u00e1rios para a sua identifica\u00e7\u00e3o, de seus dependentes (se for o caso), para a execu\u00e7\u00e3o dos contratos de trabalho e dados que precisamos utilizar para cumprir obriga\u00e7\u00f5es legais ou regulat\u00f3rias que temos.<\/p><p><b>4.4. Pessoas envolvidas em outros contratos com a Decor Colors <\/b><\/p><p>Tamb\u00e9m constam dados pessoais nos contratos que mantemos com outras pessoas jur\u00eddicas ou f\u00edsicas para presta\u00e7\u00e3o de servi\u00e7os ou contratos de franquia. Apenas s\u00e3o utilizados para a finalidade de execu\u00e7\u00e3o dos pr\u00f3prios contratos.<\/p><p><b>5. Como coletamos seus dados pessoais? <\/b><\/p><p>Como explicado nas demais partes do documento, os dados pessoais podem ser coletados de forma automatizada (como no caso de quem visita nosso site) ouno contato com nossos profissionais, de forma remota ou presencial.<\/p><p><b>6. Com quem compartilhamos os seus dados pessoais? <\/b><\/p><p>Os dados pessoais podem ser compartilhados nos seguintes casos:<\/p><p>\u2022 Na execu\u00e7\u00e3o dos contratos com nossos(as) clientes:<\/p><p>Em alguns casos, temos a necessidade de compartilhar seus dados pessoais com outras empresas ou entidades, como institui\u00e7\u00f5es financeiras, empresas de contabilidade, empresas respons\u00e1veis pelos nossos ambientes e sistemas de tecnologia da informa\u00e7\u00e3o. Todavia, nos certificamos que os nossos prestadores de servi\u00e7os e fornecedores (\u201coperadores\u201d) estejam em conformidade com a LGPD.<\/p><p>\u2022 Nossos profissionais<\/p><p>Para cumprir com as nossas obriga\u00e7\u00f5es legais e assegurar o pagamento dos valores e a utiliza\u00e7\u00e3o dos benef\u00edcios associados \u00e0s contrata\u00e7\u00e3os dos nossos profissionais, os dados pessoais podem ser compartilhados com as empresas prestadoras de tais servi\u00e7os. Atendendo a obriga\u00e7\u00f5es legais e regulat\u00f3rias, os seus dados tamb\u00e9m podem ser compartilhados com entidades p\u00fablicas.<\/p><p>\u2022 Para resguardar e proteger direitos da Decor Colors<\/p><p>Seguindo as diretrizes da LGPD, nos reservamos no direito de acessar, preservar ou fornecer quaisquer dados pessoais sobre voc\u00ea, se for necess\u00e1rio o cumprimento de obriga\u00e7\u00e3o legal ou regulat\u00f3ria, para fazer cumprir nossos contratos ou proteger os direitos de nossos clientes, profissionais e nossos direitos enquanto empresa.<\/p><p><b>7. Quanto tempo seus dados pessoais ficam armazenados? <\/b><\/p><p>N\u00f3s mantemos os seus dados pessoais para o tempo necess\u00e1rio para cumprimento das finalidades identificadas para cada tratamento.<\/p><p>Ap\u00f3s o cumprimento das finalidades que respaldavam o tratamento de dados pessoais, eles ser\u00e3o eliminados de nossos sistemas ou anonimizados, observando os meios t\u00e9cnicos razoavelmente dispon\u00edveis, salvo se for necess\u00e1ria a manuten\u00e7\u00e3o dos dados para cumprimento de obriga\u00e7\u00f5es legais, regulat\u00f3rias ou contratuais.<\/p><p>A fim de melhor organizar o tratamento de dados, a Decor Colors criou a sua pr\u00f3pria Pol\u00edtica de Descarte de Dados Pessoais, a qual poder\u00e1 ser solicitada ao nosso Encarregado de Prote\u00e7\u00e3o de Dados.<\/p><p><b>8. Quais direitos eu tenho como titular dos dados pessoais? <\/b><\/p><p>Voc\u00ea que \u00e9 identificado direta ou indiretamente pelos dados pessoais que utilizamos \u00e9, como visto, o titular dos dados pessoais.<\/p><p>Abaixo, relacionamos seus direitos assegurados pela LGPD, seus conceitos e o que eles podem significar na pr\u00e1tica para voc\u00ea:<\/p>\t\t\t\t\t\t<\/div>\n\t\t\t\t<\/div>\n\t\t\t\t<div class=\"elementor-element elementor-element-36329c6 elementor-widget elementor-widget-image\" data-id=\"36329c6\" data-element_type=\"widget\" data-widget_type=\"image.default\">\n\t\t\t\t<div class=\"elementor-widget-container\">\n\t\t\t<style>\/*! elementor - v3.23.0 - 05-08-2024 *\/\n.elementor-widget-image{text-align:center}.elementor-widget-image a{display:inline-block}.elementor-widget-image a img[src$=\".svg\"]{width:48px}.elementor-widget-image img{vertical-align:middle;display:inline-block}<\/style>\t\t\t\t\t\t\t\t\t\t<img fetchpriority=\"high\" decoding=\"async\" width=\"516\" height=\"1024\" src=\"https:\/\/sitesdlb.com.br\/decorcolors\/wp-content\/uploads\/2024\/08\/Politica-de-Privacidade-516x1024.png\" class=\"attachment-large size-large wp-image-470\" alt=\"\" srcset=\"https:\/\/sitesdlb.com.br\/decorcolors\/wp-content\/uploads\/2024\/08\/Politica-de-Privacidade-516x1024.png 516w, https:\/\/sitesdlb.com.br\/decorcolors\/wp-content\/uploads\/2024\/08\/Politica-de-Privacidade-151x300.png 151w, https:\/\/sitesdlb.com.br\/decorcolors\/wp-content\/uploads\/2024\/08\/Politica-de-Privacidade-768x1523.png 768w, https:\/\/sitesdlb.com.br\/decorcolors\/wp-content\/uploads\/2024\/08\/Politica-de-Privacidade-775x1536.png 775w, https:\/\/sitesdlb.com.br\/decorcolors\/wp-content\/uploads\/2024\/08\/Politica-de-Privacidade-1033x2048.png 1033w, https:\/\/sitesdlb.com.br\/decorcolors\/wp-content\/uploads\/2024\/08\/Politica-de-Privacidade.png 1118w\" sizes=\"(max-width: 516px) 100vw, 516px\" \/>\t\t\t\t\t\t\t\t\t\t\t\t\t<\/div>\n\t\t\t\t<\/div>\n\t\t\t\t<div class=\"elementor-element elementor-element-1670d71 elementor-widget elementor-widget-text-editor\" data-id=\"1670d71\" data-element_type=\"widget\" data-widget_type=\"text-editor.default\">\n\t\t\t\t<div class=\"elementor-widget-container\">\n\t\t\t\t\t\t\t<p><b>9. Como exer\u00e7o meus direitos de titular dos dados pessoais? <\/b><\/p><p>Quaisquer d\u00favidas, solicita\u00e7\u00f5es ou requisi\u00e7\u00f5es poder\u00e3o ser enviadas ao nosso Encarregado de Prote\u00e7\u00e3o de Dados atrav\u00e9s do e-mail: juridico@decorcolors.com.br.<\/p><p><b>10. Transfer\u00eancia internacional <\/b><\/p><p>A Decor Colors possui sua sede no Brasil e a maioria de seus dados pessoais est\u00e3o armazenados nos nossos servidores, com infraestrutura no Pa\u00eds, aplicando-se a legisla\u00e7\u00e3o brasileira pertinente. Todavia, em alguns casos, os dados pessoais poder\u00e3o ser transferidos internacionalmente. Por\u00e9m a Decor Colors compromete-se a realizar a transfer\u00eancia interancional somente com parceiros, terceiros e\/ou operadores, com controles, pol\u00edticas e boas pr\u00e1ticas compat\u00edveis com a legisla\u00e7\u00e3o brasileira vigente.<\/p><p>Eventuais d\u00favidas sobre a transfer\u00eancia internacional de dados poder\u00e3o ser enviadas para o nosso Encarregado de Prote\u00e7\u00e3o de Dados atrav\u00e9s do e-mail juridico@decorcolors.com.br.<\/p><p><b>11. Seguran\u00e7a das informa\u00e7\u00f5es <\/b><\/p><p>Todos os seus dados pessoais s\u00e3o tratados sob r\u00edgido controle e prote\u00e7\u00e3o em altos n\u00edveis de seguran\u00e7a. N\u00f3s da Decor Colors buscamos adotar todas as melhores pr\u00e1ticas para assegurar a confidencialidade, a integralidade, a disponibilidade e a privacidade das informa\u00e7\u00f5es sob nossa cust\u00f3dia.<\/p><p>Caso voc\u00ea tenha qualquer d\u00favida sobre o tema ou tome conhecimento sobre qualquer situa\u00e7\u00e3o que possa comprometer a seguran\u00e7a dos seus dados pessoais, pedimos que entre em contato por meio do nosso Encarregado de Prote\u00e7\u00e3o de Dados.<\/p><p><b>12. Atualiza\u00e7\u00f5es desse Aviso de Privacidade <\/b><\/p><p>Com o objetivo de sempre manter a excel\u00eancia de nossos servi\u00e7os, sempre buscamos aprimorar nossas pr\u00e1ticas para prote\u00e7\u00e3o \u00e0 privacidade e dos seus dados pessoais, de modo que esse Aviso de Privacidade e nossos canais s\u00e3o sempre revistos e podem passar por atualiza\u00e7\u00f5es.<\/p><p>Recomendamos, ent\u00e3o, que visite nosso Aviso de Privacidade com periodicidade. Para facilitar, abaixo indicamos a data da \u00faltima atualiza\u00e7\u00e3o:<\/p><p><b>\u00daltima atualiza\u00e7\u00e3o: 14 de setembro de 2022.<\/b><\/p>\t\t\t\t\t\t<\/div>\n\t\t\t\t<\/div>\n\t\t\t\t\t<\/div>\n\t\t\t\t<\/div>\n\t\t\t\t<\/div>\n\t\t","protected":false},"excerpt":{"rendered":"<p>Pol\u00edticas de Privacidade N\u00f3s da Decor Colors (\u201cDecor Colors\u201d) podemos ser identificados como Decor Colors Tintas Ltda., inscrita no CNPJ\/MF 19.082.242\/0001, com sede na Rua Batalha do Riachuelo, n\u00ba 7.500, Galp\u00e3o 06, Distrito Industrial do Lajeado, Salto &#8211; SP, CEP: 13.329-360. Sempre primamos pela excel\u00eancia de nossos servi\u00e7os, priorizando os princ\u00edpios de transpar\u00eancia e respeito [&hellip;]<\/p>\n","protected":false},"author":1,"featured_media":0,"parent":0,"menu_order":0,"comment_status":"closed","ping_status":"closed","template":"","meta":{"footnotes":""},"class_list":["post-466","page","type-page","status-publish","hentry"],"_links":{"self":[{"href":"https:\/\/sitesdlb.com.br\/decorcolors\/wp-json\/wp\/v2\/pages\/466"}],"collection":[{"href":"https:\/\/sitesdlb.com.br\/decorcolors\/wp-json\/wp\/v2\/pages"}],"about":[{"href":"https:\/\/sitesdlb.com.br\/decorcolors\/wp-json\/wp\/v2\/types\/page"}],"author":[{"embeddable":true,"href":"https:\/\/sitesdlb.com.br\/decorcolors\/wp-json\/wp\/v2\/users\/1"}],"replies":[{"embeddable":true,"href":"https:\/\/sitesdlb.com.br\/decorcolors\/wp-json\/wp\/v2\/comments?post=466"}],"version-history":[{"count":10,"href":"https:\/\/sitesdlb.com.br\/decorcolors\/wp-json\/wp\/v2\/pages\/466\/revisions"}],"predecessor-version":[{"id":2380,"href":"https:\/\/sitesdlb.com.br\/decorcolors\/wp-json\/wp\/v2\/pages\/466\/revisions\/2380"}],"wp:attachment":[{"href":"https:\/\/sitesdlb.com.br\/decorcolors\/wp-json\/wp\/v2\/media?parent=466"}],"curies":[{"name":"wp","href":"https:\/\/api.w.org\/{rel}","templated":true}]}}